{"id":165,"date":"2024-12-30T19:16:24","date_gmt":"2024-12-30T18:16:24","guid":{"rendered":"https:\/\/shop.jza80.de\/?page_id=165"},"modified":"2026-04-21T20:59:38","modified_gmt":"2026-04-21T18:59:38","slug":"location","status":"publish","type":"page","link":"https:\/\/shop.jza80.de\/en\/location","title":{"rendered":"Location"},"content":{"rendered":"<p>This year, too, we\u2019d love to fill an entire neighborhood with Supras. Who doesn\u2019t dream of looking out from their balcony in the morning, still half-asleep, and seeing nothing but Supras in their neighbors\u2019 driveways?<\/p>\n\n\n\n<p>That is why, as in recent years, the meeting will once again take place in the <a href=\"https:\/\/nuerburgringhotels.de\/hotels-ferienpark\/ferienpark\" data-type=\"link\" data-id=\"https:\/\/www.hyatt.com\/de-DE\/hotel\/germany\/lindner-hotel-nurburgring-ferienpark\/hhnjd\" target=\"_blank\" rel=\"noreferrer noopener nofollow\">N\u00fcrburgring Ferienpark<\/a> in Drees<\/p>\n\n\n\n<hr class=\"wp-block-separator has-alpha-channel-opacity\"\/>\n\n\n\n<p>Here you can get a sneak peak of the houses:<\/p>\n\n\n\n<figure class=\"wp-block-gallery has-nested-images columns-2 is-cropped wp-block-gallery-1 is-layout-flex wp-block-gallery-is-layout-flex\">\n<figure class=\"wp-block-image size-large\"><img loading=\"lazy\" decoding=\"async\" width=\"1024\" height=\"576\" data-id=\"284\" src=\"https:\/\/shop.jza80.de\/wp-content\/uploads\/2024\/12\/HHNJD-P0050-Three-Bedroom-Villa-Nature-View-Livingroom.16x9-1024x576.webp\" alt=\"\" class=\"wp-image-284\" srcset=\"https:\/\/shop.jza80.de\/wp-content\/uploads\/2024\/12\/HHNJD-P0050-Three-Bedroom-Villa-Nature-View-Livingroom.16x9-1024x576.webp 1024w, https:\/\/shop.jza80.de\/wp-content\/uploads\/2024\/12\/HHNJD-P0050-Three-Bedroom-Villa-Nature-View-Livingroom.16x9-300x169.webp 300w, https:\/\/shop.jza80.de\/wp-content\/uploads\/2024\/12\/HHNJD-P0050-Three-Bedroom-Villa-Nature-View-Livingroom.16x9-768x432.webp 768w, https:\/\/shop.jza80.de\/wp-content\/uploads\/2024\/12\/HHNJD-P0050-Three-Bedroom-Villa-Nature-View-Livingroom.16x9-400x225.webp 400w, https:\/\/shop.jza80.de\/wp-content\/uploads\/2024\/12\/HHNJD-P0050-Three-Bedroom-Villa-Nature-View-Livingroom.16x9.webp 1280w\" sizes=\"auto, (max-width: 1024px) 100vw, 1024px\" \/><\/figure>\n\n\n\n<figure class=\"wp-block-image size-large\"><img loading=\"lazy\" decoding=\"async\" width=\"1024\" height=\"576\" data-id=\"282\" src=\"https:\/\/shop.jza80.de\/wp-content\/uploads\/2024\/12\/HHNJD-P0049-Three-Bedroom-Villa-Nature-View-Kitchen.16x9-1024x576.webp\" alt=\"\" class=\"wp-image-282\" srcset=\"https:\/\/shop.jza80.de\/wp-content\/uploads\/2024\/12\/HHNJD-P0049-Three-Bedroom-Villa-Nature-View-Kitchen.16x9-1024x576.webp 1024w, https:\/\/shop.jza80.de\/wp-content\/uploads\/2024\/12\/HHNJD-P0049-Three-Bedroom-Villa-Nature-View-Kitchen.16x9-300x169.webp 300w, https:\/\/shop.jza80.de\/wp-content\/uploads\/2024\/12\/HHNJD-P0049-Three-Bedroom-Villa-Nature-View-Kitchen.16x9-768x432.webp 768w, https:\/\/shop.jza80.de\/wp-content\/uploads\/2024\/12\/HHNJD-P0049-Three-Bedroom-Villa-Nature-View-Kitchen.16x9-400x225.webp 400w, https:\/\/shop.jza80.de\/wp-content\/uploads\/2024\/12\/HHNJD-P0049-Three-Bedroom-Villa-Nature-View-Kitchen.16x9.webp 1280w\" sizes=\"auto, (max-width: 1024px) 100vw, 1024px\" \/><\/figure>\n\n\n\n<figure class=\"wp-block-image size-large\"><img loading=\"lazy\" decoding=\"async\" width=\"1024\" height=\"576\" data-id=\"283\" src=\"https:\/\/shop.jza80.de\/wp-content\/uploads\/2024\/12\/HHNJD-P0029-Three-Bedroom-Villa-Nature-View-Bathroom.16x9-1024x576.webp\" alt=\"\" class=\"wp-image-283\" srcset=\"https:\/\/shop.jza80.de\/wp-content\/uploads\/2024\/12\/HHNJD-P0029-Three-Bedroom-Villa-Nature-View-Bathroom.16x9-1024x576.webp 1024w, https:\/\/shop.jza80.de\/wp-content\/uploads\/2024\/12\/HHNJD-P0029-Three-Bedroom-Villa-Nature-View-Bathroom.16x9-300x169.webp 300w, https:\/\/shop.jza80.de\/wp-content\/uploads\/2024\/12\/HHNJD-P0029-Three-Bedroom-Villa-Nature-View-Bathroom.16x9-768x432.webp 768w, https:\/\/shop.jza80.de\/wp-content\/uploads\/2024\/12\/HHNJD-P0029-Three-Bedroom-Villa-Nature-View-Bathroom.16x9-400x225.webp 400w, https:\/\/shop.jza80.de\/wp-content\/uploads\/2024\/12\/HHNJD-P0029-Three-Bedroom-Villa-Nature-View-Bathroom.16x9.webp 1280w\" sizes=\"auto, (max-width: 1024px) 100vw, 1024px\" \/><\/figure>\n\n\n\n<figure class=\"wp-block-image size-large\"><img loading=\"lazy\" decoding=\"async\" width=\"1024\" height=\"576\" data-id=\"285\" src=\"https:\/\/shop.jza80.de\/wp-content\/uploads\/2024\/12\/HHNJD-P0045-Three-Bedroom-Villa-Nature-View-Bedroom-Overview.16x9-1024x576.webp\" alt=\"\" class=\"wp-image-285\" srcset=\"https:\/\/shop.jza80.de\/wp-content\/uploads\/2024\/12\/HHNJD-P0045-Three-Bedroom-Villa-Nature-View-Bedroom-Overview.16x9-1024x576.webp 1024w, https:\/\/shop.jza80.de\/wp-content\/uploads\/2024\/12\/HHNJD-P0045-Three-Bedroom-Villa-Nature-View-Bedroom-Overview.16x9-300x169.webp 300w, https:\/\/shop.jza80.de\/wp-content\/uploads\/2024\/12\/HHNJD-P0045-Three-Bedroom-Villa-Nature-View-Bedroom-Overview.16x9-768x432.webp 768w, https:\/\/shop.jza80.de\/wp-content\/uploads\/2024\/12\/HHNJD-P0045-Three-Bedroom-Villa-Nature-View-Bedroom-Overview.16x9-400x225.webp 400w, https:\/\/shop.jza80.de\/wp-content\/uploads\/2024\/12\/HHNJD-P0045-Three-Bedroom-Villa-Nature-View-Bedroom-Overview.16x9.webp 1280w\" sizes=\"auto, (max-width: 1024px) 100vw, 1024px\" \/><\/figure>\n<\/figure>\n\n\n\n<p><strong>IMPORTANT<\/strong>: Please do <b>NOT<\/b> book <strong>NICHT <\/strong>the cottages yourself at the vacation park, but book exclusively through our <a href=\"https:\/\/shop.jza80.de\/en\/shop\/\" data-type=\"page\" data-id=\"152\">Ticket-Shop<\/a>, otherwise you won't be part of our reserved Supra street.<\/p>\n\n\n\n<p>Parking is generally available at the vacation park. Please note that due to some steep driveways, it is not always possible to park directly in front of the house. Vehicles are parked at your own risk.<\/p>\n\n\n\n<figure class=\"wp-block-image size-large\"><a href=\"https:\/\/maps.app.goo.gl\/Rfjc9owbPGFhyAiW6\" target=\"_blank\" rel=\" noreferrer noopener\"><img loading=\"lazy\" decoding=\"async\" width=\"1024\" height=\"544\" src=\"https:\/\/shop.jza80.de\/wp-content\/uploads\/2025\/04\/Screenshot-2025-04-03-192514-1024x544.png\" alt=\"\" class=\"wp-image-345\" srcset=\"https:\/\/shop.jza80.de\/wp-content\/uploads\/2025\/04\/Screenshot-2025-04-03-192514-1024x544.png 1024w, https:\/\/shop.jza80.de\/wp-content\/uploads\/2025\/04\/Screenshot-2025-04-03-192514-300x159.png 300w, https:\/\/shop.jza80.de\/wp-content\/uploads\/2025\/04\/Screenshot-2025-04-03-192514-768x408.png 768w, https:\/\/shop.jza80.de\/wp-content\/uploads\/2025\/04\/Screenshot-2025-04-03-192514-1536x816.png 1536w, https:\/\/shop.jza80.de\/wp-content\/uploads\/2025\/04\/Screenshot-2025-04-03-192514-400x212.png 400w, https:\/\/shop.jza80.de\/wp-content\/uploads\/2025\/04\/Screenshot-2025-04-03-192514.png 1960w\" sizes=\"auto, (max-width: 1024px) 100vw, 1024px\" \/><\/a><\/figure>","protected":false},"excerpt":{"rendered":"<p>Auch in diesem Jahr m\u00f6chten wir gern eine gesamte Wohnsiedlung mit Supras f\u00fcllen. Wer tr\u00e4umt nicht davon, morgens verschlafen vom Balkon zu schauen und in seiner Siedlung ausschlie\u00dflich Supras in den Einfahrten der Nachbarn zu sehen? Daher findet das Treffen wieder schon in den letzten Jahren im N\u00fcrburgring Ferienpark in Drees statt. Hier k\u00f6nnt ihr [&hellip;]<\/p>\n","protected":false},"author":1,"featured_media":0,"parent":0,"menu_order":0,"comment_status":"closed","ping_status":"closed","template":"","meta":{"footnotes":""},"class_list":["post-165","page","type-page","status-publish","hentry"],"_links":{"self":[{"href":"https:\/\/shop.jza80.de\/en\/wp-json\/wp\/v2\/pages\/165","targetHints":{"allow":["GET"]}}],"collection":[{"href":"https:\/\/shop.jza80.de\/en\/wp-json\/wp\/v2\/pages"}],"about":[{"href":"https:\/\/shop.jza80.de\/en\/wp-json\/wp\/v2\/types\/page"}],"author":[{"embeddable":true,"href":"https:\/\/shop.jza80.de\/en\/wp-json\/wp\/v2\/users\/1"}],"replies":[{"embeddable":true,"href":"https:\/\/shop.jza80.de\/en\/wp-json\/wp\/v2\/comments?post=165"}],"version-history":[{"count":10,"href":"https:\/\/shop.jza80.de\/en\/wp-json\/wp\/v2\/pages\/165\/revisions"}],"predecessor-version":[{"id":696,"href":"https:\/\/shop.jza80.de\/en\/wp-json\/wp\/v2\/pages\/165\/revisions\/696"}],"wp:attachment":[{"href":"https:\/\/shop.jza80.de\/en\/wp-json\/wp\/v2\/media?parent=165"}],"curies":[{"name":"wp","href":"https:\/\/api.w.org\/{rel}","templated":true}]}}