{"id":44,"date":"2024-10-07T18:44:56","date_gmt":"2024-10-07T16:44:56","guid":{"rendered":"https:\/\/shop.jza80.de\/impressum"},"modified":"2026-04-27T23:13:03","modified_gmt":"2026-04-27T21:13:03","slug":"impressum","status":"publish","type":"page","link":"https:\/\/shop.jza80.de\/en\/impressum","title":{"rendered":"Imprint"},"content":{"rendered":"<p>Here you can ask us any questions you have about the event:<br><a href=\"https:\/\/chat.whatsapp.com\/BH2baWnBaiR6fFqaGM4XUm\" target=\"_blank\" rel=\"noreferrer noopener\">Link to the WhatsApp Q&amp;A group<\/a><\/p>\n\n\n\n<p>Hier bleibt ihr immer auf dem laufenden:<br><a href=\"https:\/\/www.instagram.com\/suprasatring\/\" data-type=\"link\" data-id=\"https:\/\/www.instagram.com\/suprasatring\/\" target=\"_blank\" rel=\"noreferrer noopener\">SuprasAtRing auf Instagram<\/a><br><a href=\"https:\/\/www.instagram.com\/jza80group\/\" target=\"_blank\" rel=\"noreferrer noopener\">JZA80 Group on Instagram<\/a><\/p>\n\n\n<p>Angaben gem\u00e4\u00df \u00a7 5 DDG<\/p>\n<p><b>JZA80 Group e.V.<br \/><\/b><strong>Vertreten durch: <\/strong><br \/>Paul Kubitza<br \/>shop@jza80.de<\/p>\n<p><strong>Verantwortlich f\u00fcr den Inhalt nach \u00a7 55 Abs. 2 RStV:<\/strong><br \/>JZA80 Group e.V.<\/p>\n<h4>Haftungsausschluss:<\/h4>\n<p data-start=\"21\" data-end=\"47\"><strong>Haftung f\u00fcr eigene Inhalte<\/strong><\/p>\n<p data-start=\"49\" data-end=\"357\">Als Diensteanbieter sind wir f\u00fcr eigene Inhalte auf diesen Seiten nach den allgemeinen Gesetzen verantwortlich. Wir erstellen die Inhalte unserer Seiten mit Sorgfalt. F\u00fcr die Richtigkeit, Vollst\u00e4ndigkeit und Aktualit\u00e4t der Inhalte \u00fcbernehmen wir jedoch keine Gew\u00e4hr, soweit keine gesetzliche Haftung besteht.<\/p>\n<p data-start=\"359\" data-end=\"604\">Gesetzliche Verpflichtungen zur Entfernung oder Sperrung der Nutzung von Informationen bleiben unber\u00fchrt. Bei Bekanntwerden konkreter Rechtsverletzungen werden wir die betreffenden Inhalte unverz\u00fcglich pr\u00fcfen und, soweit erforderlich, entfernen.<\/p>\n<p data-start=\"607\" data-end=\"632\"><strong>Haftung f\u00fcr externe Links<\/strong><\/p>\n<p data-start=\"634\" data-end=\"829\">Unser Angebot kann Links zu externen Webseiten Dritter enthalten. Auf die Inhalte dieser externen Webseiten haben wir keinen Einfluss. F\u00fcr diese fremden Inhalte \u00fcbernehmen wir daher keine Gew\u00e4hr.<\/p>\n<p data-start=\"831\" data-end=\"1103\">F\u00fcr die Inhalte der verlinkten Seiten ist stets der jeweilige Anbieter oder Betreiber verantwortlich. Die verlinkten Seiten wurden zum Zeitpunkt der Verlinkung auf erkennbare Rechtsverst\u00f6\u00dfe gepr\u00fcft. Rechtswidrige Inhalte waren zum Zeitpunkt der Verlinkung nicht erkennbar.<\/p>\n<p data-start=\"1105\" data-end=\"1327\">Eine permanente inhaltliche Kontrolle der verlinkten Seiten ist ohne konkrete Anhaltspunkte einer Rechtsverletzung nicht zumutbar. Bei Bekanntwerden von Rechtsverletzungen werden wir derartige Links unverz\u00fcglich entfernen.<\/p>\n<p data-start=\"1330\" data-end=\"1342\"><strong>Urheberrecht<\/strong><\/p>\n<p data-start=\"1344\" data-end=\"1626\">Die durch uns erstellten Inhalte und Werke auf diesen Seiten unterliegen dem deutschen Urheberrecht. Die Vervielf\u00e4ltigung, Bearbeitung, Verbreitung und jede sonstige Verwertung au\u00dferhalb der Grenzen des Urheberrechts bed\u00fcrfen der vorherigen Zustimmung des jeweiligen Rechteinhabers.<\/p>\n<p data-start=\"1628\" data-end=\"1783\">Downloads und Kopien dieser Seite sind nur f\u00fcr den privaten, nicht kommerziellen Gebrauch gestattet, soweit nicht ausdr\u00fccklich etwas anderes angegeben ist.<\/p>\n<p data-start=\"1785\" data-end=\"2087\">Soweit Inhalte auf dieser Seite nicht von uns erstellt wurden, werden die Rechte Dritter beachtet. Sollten Sie trotzdem auf eine Rechtsverletzung aufmerksam werden, bitten wir um einen entsprechenden Hinweis. Bei Bekanntwerden von Rechtsverletzungen werden wir derartige Inhalte unverz\u00fcglich entfernen.<\/p>\n<p data-start=\"2090\" data-end=\"2101\"><strong>Datenschutz<\/strong><\/p>\n<p data-start=\"2103\" data-end=\"2201\">Informationen zur Verarbeitung personenbezogener Daten finden Sie in unserer Datenschutzerkl\u00e4rung.<\/p>\n<p data-start=\"2204\" data-end=\"2230\"><strong>Verbraucherstreitbeilegung<\/strong><\/p>\n<p data-start=\"2232\" data-end=\"2360\">Wir sind nicht bereit und nicht verpflichtet, an Streitbeilegungsverfahren vor einer Verbraucherschlichtungsstelle teilzunehmen.<\/p>\n<p data-start=\"2363\" data-end=\"2385\"><strong>Keine Werbezusendungen<\/strong><\/p>\n<p data-start=\"2387\" data-end=\"2670\" data-is-last-node=\"\" data-is-only-node=\"\">Der Nutzung der im Rahmen der Impressumspflicht ver\u00f6ffentlichten Kontaktdaten zur \u00dcbersendung von nicht ausdr\u00fccklich angeforderter Werbung und Informationsmaterialien wird widersprochen. Wir behalten uns rechtliche Schritte im Falle unverlangter Zusendung von Werbeinformationen vor.<\/p>","protected":false},"excerpt":{"rendered":"<p>Hier k\u00f6nnt ihr uns alle Fragen zum Event stellen:Link zur Q&amp;A WhatsApp Gruppe Hier bleibt ihr immer auf dem laufenden:SuprasAtRing auf InstagramJZA80 Group auf Instagram Angaben gem\u00e4\u00df \u00a7 5 DDG JZA80 Group e.V.Vertreten durch: Paul Kubitzashop@jza80.de Verantwortlich f\u00fcr den Inhalt nach \u00a7 55 Abs. 2 RStV:JZA80 Group e.V. Haftungsausschluss: Haftung f\u00fcr eigene Inhalte Als Diensteanbieter [&hellip;]<\/p>\n","protected":false},"author":1,"featured_media":0,"parent":0,"menu_order":0,"comment_status":"closed","ping_status":"closed","template":"","meta":{"footnotes":""},"class_list":["post-44","page","type-page","status-publish","hentry"],"_links":{"self":[{"href":"https:\/\/shop.jza80.de\/en\/wp-json\/wp\/v2\/pages\/44","targetHints":{"allow":["GET"]}}],"collection":[{"href":"https:\/\/shop.jza80.de\/en\/wp-json\/wp\/v2\/pages"}],"about":[{"href":"https:\/\/shop.jza80.de\/en\/wp-json\/wp\/v2\/types\/page"}],"author":[{"embeddable":true,"href":"https:\/\/shop.jza80.de\/en\/wp-json\/wp\/v2\/users\/1"}],"replies":[{"embeddable":true,"href":"https:\/\/shop.jza80.de\/en\/wp-json\/wp\/v2\/comments?post=44"}],"version-history":[{"count":10,"href":"https:\/\/shop.jza80.de\/en\/wp-json\/wp\/v2\/pages\/44\/revisions"}],"predecessor-version":[{"id":724,"href":"https:\/\/shop.jza80.de\/en\/wp-json\/wp\/v2\/pages\/44\/revisions\/724"}],"wp:attachment":[{"href":"https:\/\/shop.jza80.de\/en\/wp-json\/wp\/v2\/media?parent=44"}],"curies":[{"name":"wp","href":"https:\/\/api.w.org\/{rel}","templated":true}]}}